{"id":3973,"date":"2023-01-02T19:48:14","date_gmt":"2023-01-02T18:48:14","guid":{"rendered":"https:\/\/www.profipeat.com\/?page_id=3973"},"modified":"2023-01-30T16:01:31","modified_gmt":"2023-01-30T15:01:31","slug":"societe","status":"publish","type":"page","link":"https:\/\/www.profipeat.com\/fr\/societe\/","title":{"rendered":"Soci\u00e9t\u00e9"},"content":{"rendered":"<p><strong>La soci\u00e9t\u00e9 AGRO CS a \u00e9t\u00e9 fond\u00e9e en 1992 lorsqu&rsquo;elle a commenc\u00e9 \u00e0 produire des terreaux, des engrais et commercialiser des outils pour les horticulteurs. Au cours des ann\u00e9es ont \u00e9t\u00e9 fond\u00e9es ses filiales en Slovaquie, Pologne, Ukraine, Hongrie et en Roumanie.<\/strong><\/p>\n<p>En 2013 et 2015 AGRO CS est devenu propri\u00e9taire majoritaire d&rsquo;une entreprise agricole ax\u00e9e sur la production v\u00e9g\u00e9tale et d&rsquo;un commerce de b\u00e9tail orient\u00e9 vers la production de viande. Au fil des ann\u00e9es, l&rsquo;entreprise s&rsquo;est d\u00e9velopp\u00e9e et il a fallu augmenter sa capacit\u00e9 de production et de stockage. En 2007, un nouveau site de production et logistique ont \u00e9t\u00e9 construits. Sa capacit\u00e9 totale d&rsquo;entreposage est aujourd&rsquo;hui d&rsquo;environ 115 000 m<sup>2<\/sup> en plus des 60 000 m<sup>3<\/sup> de surface couverte.<\/p>\n<div class=\"wrap_gallery col-4\">\n<div class=\"preloader\"><\/div>\n<a class=\"item\" data-fslightbox=\"gallery-8z4nfu1Mtl\" href=https:\/\/www.profipeat.com\/wp-content\/uploads\/2023\/01\/dc47e719-fe37-4ee0-a591-9869de46e0d7.jpeg><div class=\"img\" style=\"background-image: url(https:\/\/www.profipeat.com\/wp-content\/uploads\/2023\/01\/dc47e719-fe37-4ee0-a591-9869de46e0d7-500x500.jpeg\");><div class='overlay'><svg xmlns=\"http:\/\/www.w3.org\/2000\/svg\" width=\"77\" height=\"78\" viewBox=\"0 0 77 78\" fill=\"none\"><path d=\"M0 38.5H77M39 0.5L39 77.5\" stroke=\"white\"\/><\/svg><\/div><\/div>\n<\/a>\n<a class=\"item\" data-fslightbox=\"gallery-8z4nfu1Mtl\" href=https:\/\/www.profipeat.com\/wp-content\/uploads\/2023\/01\/00be05e4-3294-4662-9eb4-56ba27865308.jpeg><div class=\"img\" style=\"background-image: url(https:\/\/www.profipeat.com\/wp-content\/uploads\/2023\/01\/00be05e4-3294-4662-9eb4-56ba27865308-500x500.jpeg\");><div class='overlay'><svg xmlns=\"http:\/\/www.w3.org\/2000\/svg\" width=\"77\" height=\"78\" viewBox=\"0 0 77 78\" fill=\"none\"><path d=\"M0 38.5H77M39 0.5L39 77.5\" stroke=\"white\"\/><\/svg><\/div><\/div>\n<\/a>\n<a class=\"item\" data-fslightbox=\"gallery-8z4nfu1Mtl\" href=https:\/\/www.profipeat.com\/wp-content\/uploads\/2023\/01\/d4861aef-6c63-48d1-bb6f-43340e5e009e.jpeg><div class=\"img\" style=\"background-image: url(https:\/\/www.profipeat.com\/wp-content\/uploads\/2023\/01\/d4861aef-6c63-48d1-bb6f-43340e5e009e-500x500.jpeg\");><div class='overlay'><svg xmlns=\"http:\/\/www.w3.org\/2000\/svg\" width=\"77\" height=\"78\" viewBox=\"0 0 77 78\" fill=\"none\"><path d=\"M0 38.5H77M39 0.5L39 77.5\" stroke=\"white\"\/><\/svg><\/div><\/div>\n<\/a>\n<a class=\"item\" data-fslightbox=\"gallery-8z4nfu1Mtl\" href=https:\/\/www.profipeat.com\/wp-content\/uploads\/2023\/01\/6da6cf3a-d5d5-4299-8280-4a912ecf2f8f.jpeg><div class=\"img\" style=\"background-image: url(https:\/\/www.profipeat.com\/wp-content\/uploads\/2023\/01\/6da6cf3a-d5d5-4299-8280-4a912ecf2f8f-500x500.jpeg\");><div class='overlay'><svg xmlns=\"http:\/\/www.w3.org\/2000\/svg\" width=\"77\" height=\"78\" viewBox=\"0 0 77 78\" fill=\"none\"><path d=\"M0 38.5H77M39 0.5L39 77.5\" stroke=\"white\"\/><\/svg><\/div><\/div>\n<\/a>\n<\/div>\n\n<p>De nos jours, AGRO CS se pr\u00e9sente sous 4 divisions &#8211; Jardin, Agroservices, Ing\u00e9nierie et BioEnergie. Toutes sont connues de ses clients comme des fournisseurs fiables et responsables de produits, services et de technologies modernes dans le secteur horticole.<\/p>\n<p><strong>En 2009 et 2011, la soci\u00e9t\u00e9 avait fond\u00e9 ses deux filiales en Lituanie. Depuis octobre 2015, AGRO CS est \u00e9galement devenu propri\u00e9taire d&rsquo;une tourbi\u00e8re avec une usine de production et de traitement de tourbe en Bi\u00e9lorussie. Cette tourbi\u00e8re de Skuraty, d&rsquo;une superficie de 1 000 hectares, a permis \u00e0 AGRO CS d&rsquo;\u00e9largir sa surface totale en ressources de tourbe, \u00e0 environ 1 500 hectares. <\/strong><\/p>\n<div class=\"wrap_gallery col-4\">\n<div class=\"preloader\"><\/div>\n<a class=\"item\" data-fslightbox=\"gallery-dELh6wCyN7\" href=https:\/\/www.profipeat.com\/wp-content\/uploads\/2023\/01\/28da9d82-1e22-48e7-baf3-f0228f8bb0ae.jpeg><div class=\"img\" style=\"background-image: url(https:\/\/www.profipeat.com\/wp-content\/uploads\/2023\/01\/28da9d82-1e22-48e7-baf3-f0228f8bb0ae-500x500.jpeg\");><div class='overlay'><svg xmlns=\"http:\/\/www.w3.org\/2000\/svg\" width=\"77\" height=\"78\" viewBox=\"0 0 77 78\" fill=\"none\"><path d=\"M0 38.5H77M39 0.5L39 77.5\" stroke=\"white\"\/><\/svg><\/div><\/div>\n<\/a>\n<a class=\"item\" data-fslightbox=\"gallery-dELh6wCyN7\" href=https:\/\/www.profipeat.com\/wp-content\/uploads\/2023\/01\/3aba7db5-4e7b-44a4-bd78-c173e3bf1f56.jpeg><div class=\"img\" style=\"background-image: url(https:\/\/www.profipeat.com\/wp-content\/uploads\/2023\/01\/3aba7db5-4e7b-44a4-bd78-c173e3bf1f56-500x500.jpeg\");><div class='overlay'><svg xmlns=\"http:\/\/www.w3.org\/2000\/svg\" width=\"77\" height=\"78\" viewBox=\"0 0 77 78\" fill=\"none\"><path d=\"M0 38.5H77M39 0.5L39 77.5\" stroke=\"white\"\/><\/svg><\/div><\/div>\n<\/a>\n<a class=\"item\" data-fslightbox=\"gallery-dELh6wCyN7\" href=https:\/\/www.profipeat.com\/wp-content\/uploads\/2023\/01\/a99b7915-ba41-4a86-a60d-0662da5f382e.jpeg><div class=\"img\" style=\"background-image: url(https:\/\/www.profipeat.com\/wp-content\/uploads\/2023\/01\/a99b7915-ba41-4a86-a60d-0662da5f382e-500x500.jpeg\");><div class='overlay'><svg xmlns=\"http:\/\/www.w3.org\/2000\/svg\" width=\"77\" height=\"78\" viewBox=\"0 0 77 78\" fill=\"none\"><path d=\"M0 38.5H77M39 0.5L39 77.5\" stroke=\"white\"\/><\/svg><\/div><\/div>\n<\/a>\n<a class=\"item\" data-fslightbox=\"gallery-dELh6wCyN7\" href=https:\/\/www.profipeat.com\/wp-content\/uploads\/2023\/01\/b851c2d4-54f3-4a34-bcc7-79d57c8613ed.png><div class=\"img\" style=\"background-image: url(https:\/\/www.profipeat.com\/wp-content\/uploads\/2023\/01\/b851c2d4-54f3-4a34-bcc7-79d57c8613ed-500x500.png\");><div class='overlay'><svg xmlns=\"http:\/\/www.w3.org\/2000\/svg\" width=\"77\" height=\"78\" viewBox=\"0 0 77 78\" fill=\"none\"><path d=\"M0 38.5H77M39 0.5L39 77.5\" stroke=\"white\"\/><\/svg><\/div><\/div>\n<\/a>\n<\/div>\n\n<p>Cette tourbi\u00e8re est exceptionnellement compacte et homog\u00e8ne. Elle est divis\u00e9e en trois sites de r\u00e9colte qui sont la source de la tourbe de haute qualit\u00e9, de cat\u00e9gorie A (tourbe blonde de sphaignes). Par cons\u00e9quent, AGRO CS sera enti\u00e8rement autosuffisant dans l&rsquo;approvisionnement de cette mati\u00e8re premi\u00e8re pour les vingt prochaines ann\u00e9es, au minimum. Aujourd&rsquo;hui, nous d\u00e9tenons la licence pour la r\u00e9colte de la tourbe pour les trente-deux ann\u00e9es \u00e0 venir. Notre usine de production est situ\u00e9e \u00e0 la fronti\u00e8re de ce site, actuellement exploit\u00e9. L&rsquo;usine est enti\u00e8rement \u00e9quip\u00e9e de lignes technologiques pour le traitement de la tourbe, con\u00e7ues et fabriqu\u00e9es par la division Ing\u00e9nierie. La ligne de criblage avec la ligne de m\u00e9lange sont le coeur de notre technologie moderne. De plus, l&rsquo;usine poss\u00e8de deux grandes presses \u00e0 balles pour palettisation de tourbe et enfin, une ensacheuse automatis\u00e9e, permettant d&#8217;emballer les sacs de tourbe et de terreaux avec les volumes de 200l, 225l et 250l.<\/p>\n<p><strong>En 2018, nous pr\u00e9voyons de r\u00e9colter 120 \u00e0 200 000 m<sup>3<\/sup> de tourbe blonde (en fonction des conditions climatiques). C&rsquo;est ainsi qu&rsquo;AGRO CS entre dans l&rsquo;\u00e9lite europ\u00e9enne des producteurs de substrats. Avec la certitude des mati\u00e8res premi\u00e8res de haute qualit\u00e9 pour de nombreuses d\u00e9cennies \u00e0 venir, elle repr\u00e9sente une soci\u00e9t\u00e9 fiable et responsable pour tous les partenaires sur le march\u00e9 mondial. <\/strong><\/p>\n<div class=\"wrap_gallery col-4\">\n<div class=\"preloader\"><\/div>\n<a class=\"item\" data-fslightbox=\"gallery-5Ph83rDuqd\" href=https:\/\/www.profipeat.com\/wp-content\/uploads\/2023\/01\/39e4a5dc-82b7-43ca-97bd-c3279a45be72.jpeg><div class=\"img\" style=\"background-image: url(https:\/\/www.profipeat.com\/wp-content\/uploads\/2023\/01\/39e4a5dc-82b7-43ca-97bd-c3279a45be72-500x500.jpeg\");><div class='overlay'><svg xmlns=\"http:\/\/www.w3.org\/2000\/svg\" width=\"77\" height=\"78\" viewBox=\"0 0 77 78\" fill=\"none\"><path d=\"M0 38.5H77M39 0.5L39 77.5\" stroke=\"white\"\/><\/svg><\/div><\/div>\n<\/a>\n<a class=\"item\" data-fslightbox=\"gallery-5Ph83rDuqd\" href=https:\/\/www.profipeat.com\/wp-content\/uploads\/2023\/01\/a91dc549-ba69-4542-be28-4492f67a1c8b.jpeg><div class=\"img\" style=\"background-image: url(https:\/\/www.profipeat.com\/wp-content\/uploads\/2023\/01\/a91dc549-ba69-4542-be28-4492f67a1c8b-500x500.jpeg\");><div class='overlay'><svg xmlns=\"http:\/\/www.w3.org\/2000\/svg\" width=\"77\" height=\"78\" viewBox=\"0 0 77 78\" fill=\"none\"><path d=\"M0 38.5H77M39 0.5L39 77.5\" stroke=\"white\"\/><\/svg><\/div><\/div>\n<\/a>\n<a class=\"item\" data-fslightbox=\"gallery-5Ph83rDuqd\" href=https:\/\/www.profipeat.com\/wp-content\/uploads\/2023\/01\/9ad5f548-bf84-4a6d-85bc-0673e97ba128.jpeg><div class=\"img\" style=\"background-image: url(https:\/\/www.profipeat.com\/wp-content\/uploads\/2023\/01\/9ad5f548-bf84-4a6d-85bc-0673e97ba128-500x500.jpeg\");><div class='overlay'><svg xmlns=\"http:\/\/www.w3.org\/2000\/svg\" width=\"77\" height=\"78\" viewBox=\"0 0 77 78\" fill=\"none\"><path d=\"M0 38.5H77M39 0.5L39 77.5\" stroke=\"white\"\/><\/svg><\/div><\/div>\n<\/a>\n<a class=\"item\" data-fslightbox=\"gallery-5Ph83rDuqd\" href=https:\/\/www.profipeat.com\/wp-content\/uploads\/2023\/01\/d1c680d9-7af4-45db-84bd-16b753d8c95d.jpeg><div class=\"img\" style=\"background-image: url(https:\/\/www.profipeat.com\/wp-content\/uploads\/2023\/01\/d1c680d9-7af4-45db-84bd-16b753d8c95d-500x500.jpeg\");><div class='overlay'><svg xmlns=\"http:\/\/www.w3.org\/2000\/svg\" width=\"77\" height=\"78\" viewBox=\"0 0 77 78\" fill=\"none\"><path d=\"M0 38.5H77M39 0.5L39 77.5\" stroke=\"white\"\/><\/svg><\/div><\/div>\n<\/a>\n<\/div>\n\n","protected":false},"excerpt":{"rendered":"<p>La soci\u00e9t\u00e9 AGRO CS a \u00e9t\u00e9 fond\u00e9e en 1992 lorsqu&rsquo;elle a commenc\u00e9 \u00e0 produire des terreaux, des engrais et commercialiser des outils pour les horticulteurs. Au cours des ann\u00e9es ont \u00e9t\u00e9 fond\u00e9es ses filiales en Slovaquie, Pologne, Ukraine, Hongrie et en Roumanie. En 2013 et 2015 AGRO CS est devenu propri\u00e9taire majoritaire d&rsquo;une entreprise agricole [&hellip;]<\/p>\n","protected":false},"author":5,"featured_media":0,"parent":0,"menu_order":8,"comment_status":"closed","ping_status":"closed","template":"","meta":{"_acf_changed":false,"inline_featured_image":false,"footnotes":""},"acf":[],"_links":{"self":[{"href":"https:\/\/www.profipeat.com\/fr\/wp-json\/wp\/v2\/pages\/3973"}],"collection":[{"href":"https:\/\/www.profipeat.com\/fr\/wp-json\/wp\/v2\/pages"}],"about":[{"href":"https:\/\/www.profipeat.com\/fr\/wp-json\/wp\/v2\/types\/page"}],"author":[{"embeddable":true,"href":"https:\/\/www.profipeat.com\/fr\/wp-json\/wp\/v2\/users\/5"}],"replies":[{"embeddable":true,"href":"https:\/\/www.profipeat.com\/fr\/wp-json\/wp\/v2\/comments?post=3973"}],"version-history":[{"count":0,"href":"https:\/\/www.profipeat.com\/fr\/wp-json\/wp\/v2\/pages\/3973\/revisions"}],"wp:attachment":[{"href":"https:\/\/www.profipeat.com\/fr\/wp-json\/wp\/v2\/media?parent=3973"}],"curies":[{"name":"wp","href":"https:\/\/api.w.org\/{rel}","templated":true}]}}